{"id":933,"date":"2025-05-29T09:12:10","date_gmt":"2025-05-29T09:12:10","guid":{"rendered":"https:\/\/aleksanderbekasov24.thkit.ee\/wp\/?page_id=933"},"modified":"2025-05-29T09:18:22","modified_gmt":"2025-05-29T09:18:22","slug":"%f0%9f%a7%a9-plugin-jetboost","status":"publish","type":"page","link":"https:\/\/aleksanderbekasov24.thkit.ee\/wp\/%f0%9f%a7%a9-plugin-jetboost\/","title":{"rendered":"\ud83e\udde9 Plugin: JetBoost"},"content":{"rendered":"\n<h3 class=\"wp-block-heading\">\ud83e\udde9 Plugin: Jetpack \u2013 WP Security<\/h3>\n\n\n\n<h3 class=\"wp-block-heading\">\ud83d\udd0d Mida Jetpack plugin teeb?<\/h3>\n\n\n\n<p><strong>Jetpack \u2013 WP Security<\/strong> on ametlik WordPressi plugin, mis pakub mitmeid t\u00f6\u00f6riistu veebilehe <strong>turvamiseks, j\u00f5udluse parandamiseks ja k\u00fclastajate statistika j\u00e4lgimiseks<\/strong>. Jetpack v\u00f5imaldab:<\/p>\n\n\n\n<ul class=\"wp-block-list\">\n<li>Kaitsta veebilehte <strong>pahatahtlike r\u00fcnnakute, sp\u00e4mmikommentaaride ja j\u00f5ur\u00fcnnete (brute force)<\/strong> eest.<\/li>\n\n\n\n<li><strong>Automaatset varundamist<\/strong> ja saidi taastamist (tasulises versioonis).<\/li>\n\n\n\n<li><strong>Statistika ja anal\u00fc\u00fctika j\u00e4lgimist<\/strong> otse WordPressi armatuurlaual.<\/li>\n\n\n\n<li>Kuvada <strong>sotsiaalmeedia jagamisnuppe<\/strong>, postituste laike, e-posti tellimusi jpm.<\/li>\n\n\n\n<li>Pakkuda <strong>CDN (Content Delivery Network)<\/strong> pilti ja faili laadimise kiirendamiseks.<\/li>\n<\/ul>\n\n\n\n<p>See plugin sobib h\u00e4sti nii algajatele kui ka edasij\u00f5udnutele, kes soovivad hoida oma veebilehte turvalisena ja optimeerituna.<\/p>\n\n\n\n<p><\/p>\n\n\n\n<p><\/p>\n\n\n\n<h3 class=\"wp-block-heading\">\u2699\ufe0f Kuidas ma plugina paigaldasin?<\/h3>\n\n\n\n<ol class=\"wp-block-list\">\n<li>Avatud <strong>WordPressi halduspaneelis \u2192 Pluginad \u2192 Lisa uus<\/strong>.<\/li>\n\n\n\n<li>Otsisin otsingukastist \u201e<strong>Jetpack<\/strong>\u201c.<\/li>\n\n\n\n<li>Kl\u00f5psasin <strong>\u201ePaigalda\u201c<\/strong> ja seej\u00e4rel <strong>\u201eAktiveeri\u201c<\/strong>.<\/li>\n\n\n\n<li>Peale aktiveerimist \u00fchendasin plugina oma <strong>WordPress.com kontoga<\/strong> vajutades <strong>\u201eConnect\u201c<\/strong>.<\/li>\n<\/ol>\n\n\n\n<figure class=\"wp-block-image size-full\"><img fetchpriority=\"high\" decoding=\"async\" width=\"160\" height=\"472\" src=\"https:\/\/aleksanderbekasov24.thkit.ee\/wp\/wp-content\/uploads\/2025\/05\/1.png\" alt=\"\" class=\"wp-image-938\" srcset=\"https:\/\/aleksanderbekasov24.thkit.ee\/wp\/wp-content\/uploads\/2025\/05\/1.png 160w, https:\/\/aleksanderbekasov24.thkit.ee\/wp\/wp-content\/uploads\/2025\/05\/1-102x300.png 102w, https:\/\/aleksanderbekasov24.thkit.ee\/wp\/wp-content\/uploads\/2025\/05\/1-51x150.png 51w\" sizes=\"(max-width: 160px) 100vw, 160px\" \/><\/figure>\n\n\n\n<p><\/p>\n\n\n\n<figure class=\"wp-block-image size-large\"><img decoding=\"async\" width=\"1918\" height=\"528\" src=\"https:\/\/aleksanderbekasov24.thkit.ee\/wp\/wp-content\/uploads\/2025\/05\/2-1024x282.png\" alt=\"\" class=\"wp-image-939\" srcset=\"https:\/\/aleksanderbekasov24.thkit.ee\/wp\/wp-content\/uploads\/2025\/05\/2-1024x282.png 1024w, https:\/\/aleksanderbekasov24.thkit.ee\/wp\/wp-content\/uploads\/2025\/05\/2-300x83.png 300w, https:\/\/aleksanderbekasov24.thkit.ee\/wp\/wp-content\/uploads\/2025\/05\/2-768x211.png 768w, https:\/\/aleksanderbekasov24.thkit.ee\/wp\/wp-content\/uploads\/2025\/05\/2-150x41.png 150w, https:\/\/aleksanderbekasov24.thkit.ee\/wp\/wp-content\/uploads\/2025\/05\/2-1536x423.png 1536w, https:\/\/aleksanderbekasov24.thkit.ee\/wp\/wp-content\/uploads\/2025\/05\/2-600x165.png 600w, https:\/\/aleksanderbekasov24.thkit.ee\/wp\/wp-content\/uploads\/2025\/05\/2.png 1918w\" sizes=\"(max-width: 1918px) 100vw, 1918px\" \/><\/figure>\n\n\n\n<p><\/p>\n\n\n\n<figure class=\"wp-block-image size-large\"><img decoding=\"async\" width=\"1024\" height=\"311\" src=\"https:\/\/aleksanderbekasov24.thkit.ee\/wp\/wp-content\/uploads\/2025\/05\/3-1024x311.png\" alt=\"\" class=\"wp-image-940\" srcset=\"https:\/\/aleksanderbekasov24.thkit.ee\/wp\/wp-content\/uploads\/2025\/05\/3-1024x311.png 1024w, https:\/\/aleksanderbekasov24.thkit.ee\/wp\/wp-content\/uploads\/2025\/05\/3-300x91.png 300w, https:\/\/aleksanderbekasov24.thkit.ee\/wp\/wp-content\/uploads\/2025\/05\/3-768x233.png 768w, https:\/\/aleksanderbekasov24.thkit.ee\/wp\/wp-content\/uploads\/2025\/05\/3-150x46.png 150w, https:\/\/aleksanderbekasov24.thkit.ee\/wp\/wp-content\/uploads\/2025\/05\/3-1536x466.png 1536w, https:\/\/aleksanderbekasov24.thkit.ee\/wp\/wp-content\/uploads\/2025\/05\/3-600x182.png 600w, https:\/\/aleksanderbekasov24.thkit.ee\/wp\/wp-content\/uploads\/2025\/05\/3.png 1772w\" sizes=\"(max-width: 1024px) 100vw, 1024px\" \/><\/figure>\n\n\n\n<p><\/p>\n\n\n\n<h3 class=\"wp-block-heading\">\ud83d\udcdd Kokkuv\u00f5te<\/h3>\n\n\n\n<p><strong>Jetpack \u2013 WP Security<\/strong> on \u00fcks kasulikumaid ja mitmek\u00fclgsemaid pluginaid WordPressis, mis aitab veebilehte kaitsta ja samal ajal parendada selle j\u00f5udlust ja j\u00e4lgida statistikat. See on h\u00f5lpsasti paigaldatav ning pakub tugevat kaitset ka tasuta versioonis.<\/p>\n","protected":false},"excerpt":{"rendered":"<p>\ud83e\udde9 Plugin: Jetpack \u2013 WP Security \ud83d\udd0d Mida Jetpack plugin teeb? Jetpack \u2013 WP Security on ametlik WordPressi plugin, mis pakub mitmeid t\u00f6\u00f6riistu veebilehe turvamiseks, j\u00f5udluse parandamiseks ja k\u00fclastajate statistika j\u00e4lgimiseks. Jetpack v\u00f5imaldab: See plugin sobib h\u00e4sti nii algajatele kui ka edasij\u00f5udnutele, kes soovivad hoida oma veebilehte turvalisena ja optimeerituna. \u2699\ufe0f Kuidas ma plugina paigaldasin? \ud83d\udcdd Kokkuv\u00f5te Jetpack \u2013 WP Security on \u00fcks kasulikumaid ja mitmek\u00fclgsemaid pluginaid WordPressis, mis aitab veebilehte kaitsta ja samal ajal parendada selle j\u00f5udlust ja j\u00e4lgida statistikat. See on h\u00f5lpsasti paigaldatav ning pakub tugevat kaitset ka tasuta versioonis.<\/p>\n","protected":false},"author":1,"featured_media":0,"parent":0,"menu_order":0,"comment_status":"closed","ping_status":"closed","template":"","meta":{"footnotes":""},"class_list":["post-933","page","type-page","status-publish","hentry"],"yoast_head":"<!-- This site is optimized with the Yoast SEO plugin v27.3 - https:\/\/yoast.com\/product\/yoast-seo-wordpress\/ -->\n<title>\ud83e\udde9 Plugin: JetBoost - Alex&#039;s Arsenal (Shop)<\/title>\n<meta name=\"robots\" content=\"index, follow, max-snippet:-1, max-image-preview:large, max-video-preview:-1\" \/>\n<link rel=\"canonical\" href=\"https:\/\/aleksanderbekasov24.thkit.ee\/wp\/\ud83e\udde9-plugin-jetboost\/\" \/>\n<meta property=\"og:locale\" content=\"en_US\" \/>\n<meta property=\"og:type\" content=\"article\" \/>\n<meta property=\"og:title\" content=\"\ud83e\udde9 Plugin: JetBoost - Alex&#039;s Arsenal (Shop)\" \/>\n<meta property=\"og:description\" content=\"\ud83e\udde9 Plugin: Jetpack \u2013 WP Security \ud83d\udd0d Mida Jetpack plugin teeb? Jetpack \u2013 WP Security on ametlik WordPressi plugin, mis pakub mitmeid t\u00f6\u00f6riistu veebilehe turvamiseks, j\u00f5udluse parandamiseks ja k\u00fclastajate statistika j\u00e4lgimiseks. Jetpack v\u00f5imaldab: See plugin sobib h\u00e4sti nii algajatele kui ka edasij\u00f5udnutele, kes soovivad hoida oma veebilehte turvalisena ja optimeerituna. \u2699\ufe0f Kuidas ma plugina paigaldasin? \ud83d\udcdd Kokkuv\u00f5te Jetpack \u2013 WP Security on \u00fcks kasulikumaid ja mitmek\u00fclgsemaid pluginaid WordPressis, mis aitab veebilehte kaitsta ja samal ajal parendada selle j\u00f5udlust ja j\u00e4lgida statistikat. See on h\u00f5lpsasti paigaldatav ning pakub tugevat kaitset ka tasuta versioonis.\" \/>\n<meta property=\"og:url\" content=\"https:\/\/aleksanderbekasov24.thkit.ee\/wp\/\ud83e\udde9-plugin-jetboost\/\" \/>\n<meta property=\"og:site_name\" content=\"Alex&#039;s Arsenal (Shop)\" \/>\n<meta property=\"article:modified_time\" content=\"2025-05-29T09:18:22+00:00\" \/>\n<meta property=\"og:image\" content=\"https:\/\/aleksanderbekasov24.thkit.ee\/wp\/wp-content\/uploads\/2025\/05\/1.png\" \/>\n\t<meta property=\"og:image:width\" content=\"160\" \/>\n\t<meta property=\"og:image:height\" content=\"472\" \/>\n\t<meta property=\"og:image:type\" content=\"image\/png\" \/>\n<meta name=\"twitter:card\" content=\"summary_large_image\" \/>\n<meta name=\"twitter:label1\" content=\"Est. reading time\" \/>\n\t<meta name=\"twitter:data1\" content=\"1 minute\" \/>\n<script type=\"application\/ld+json\" class=\"yoast-schema-graph\">{\"@context\":\"https:\\\/\\\/schema.org\",\"@graph\":[{\"@type\":\"WebPage\",\"@id\":\"https:\\\/\\\/aleksanderbekasov24.thkit.ee\\\/wp\\\/%f0%9f%a7%a9-plugin-jetboost\\\/\",\"url\":\"https:\\\/\\\/aleksanderbekasov24.thkit.ee\\\/wp\\\/%f0%9f%a7%a9-plugin-jetboost\\\/\",\"name\":\"\ud83e\udde9 Plugin: JetBoost - Alex's Arsenal (Shop)\",\"isPartOf\":{\"@id\":\"https:\\\/\\\/aleksanderbekasov24.thkit.ee\\\/wp\\\/#website\"},\"primaryImageOfPage\":{\"@id\":\"https:\\\/\\\/aleksanderbekasov24.thkit.ee\\\/wp\\\/%f0%9f%a7%a9-plugin-jetboost\\\/#primaryimage\"},\"image\":{\"@id\":\"https:\\\/\\\/aleksanderbekasov24.thkit.ee\\\/wp\\\/%f0%9f%a7%a9-plugin-jetboost\\\/#primaryimage\"},\"thumbnailUrl\":\"https:\\\/\\\/aleksanderbekasov24.thkit.ee\\\/wp\\\/wp-content\\\/uploads\\\/2025\\\/05\\\/1.png\",\"datePublished\":\"2025-05-29T09:12:10+00:00\",\"dateModified\":\"2025-05-29T09:18:22+00:00\",\"breadcrumb\":{\"@id\":\"https:\\\/\\\/aleksanderbekasov24.thkit.ee\\\/wp\\\/%f0%9f%a7%a9-plugin-jetboost\\\/#breadcrumb\"},\"inLanguage\":\"en-US\",\"potentialAction\":[{\"@type\":\"ReadAction\",\"target\":[\"https:\\\/\\\/aleksanderbekasov24.thkit.ee\\\/wp\\\/%f0%9f%a7%a9-plugin-jetboost\\\/\"]}]},{\"@type\":\"ImageObject\",\"inLanguage\":\"en-US\",\"@id\":\"https:\\\/\\\/aleksanderbekasov24.thkit.ee\\\/wp\\\/%f0%9f%a7%a9-plugin-jetboost\\\/#primaryimage\",\"url\":\"https:\\\/\\\/aleksanderbekasov24.thkit.ee\\\/wp\\\/wp-content\\\/uploads\\\/2025\\\/05\\\/1.png\",\"contentUrl\":\"https:\\\/\\\/aleksanderbekasov24.thkit.ee\\\/wp\\\/wp-content\\\/uploads\\\/2025\\\/05\\\/1.png\",\"width\":160,\"height\":472},{\"@type\":\"BreadcrumbList\",\"@id\":\"https:\\\/\\\/aleksanderbekasov24.thkit.ee\\\/wp\\\/%f0%9f%a7%a9-plugin-jetboost\\\/#breadcrumb\",\"itemListElement\":[{\"@type\":\"ListItem\",\"position\":1,\"name\":\"Home\",\"item\":\"https:\\\/\\\/aleksanderbekasov24.thkit.ee\\\/wp\\\/\"},{\"@type\":\"ListItem\",\"position\":2,\"name\":\"\ud83e\udde9 Plugin: JetBoost\"}]},{\"@type\":\"WebSite\",\"@id\":\"https:\\\/\\\/aleksanderbekasov24.thkit.ee\\\/wp\\\/#website\",\"url\":\"https:\\\/\\\/aleksanderbekasov24.thkit.ee\\\/wp\\\/\",\"name\":\"Alex's Arsenal (Shop) \u00a9 2025 All rights reserved.\",\"description\":\"\",\"publisher\":{\"@id\":\"https:\\\/\\\/aleksanderbekasov24.thkit.ee\\\/wp\\\/#\\\/schema\\\/person\\\/3b5a2663a9eba24938a504553bfddac8\"},\"potentialAction\":[{\"@type\":\"SearchAction\",\"target\":{\"@type\":\"EntryPoint\",\"urlTemplate\":\"https:\\\/\\\/aleksanderbekasov24.thkit.ee\\\/wp\\\/?s={search_term_string}\"},\"query-input\":{\"@type\":\"PropertyValueSpecification\",\"valueRequired\":true,\"valueName\":\"search_term_string\"}}],\"inLanguage\":\"en-US\"},{\"@type\":[\"Person\",\"Organization\"],\"@id\":\"https:\\\/\\\/aleksanderbekasov24.thkit.ee\\\/wp\\\/#\\\/schema\\\/person\\\/3b5a2663a9eba24938a504553bfddac8\",\"name\":\"admin\",\"image\":{\"@type\":\"ImageObject\",\"inLanguage\":\"en-US\",\"@id\":\"https:\\\/\\\/secure.gravatar.com\\\/avatar\\\/89ec08a71657132fe138df1f49857196ebc20c1d30c12bddb082e6bc8abb224d?s=96&d=mm&r=g\",\"url\":\"https:\\\/\\\/secure.gravatar.com\\\/avatar\\\/89ec08a71657132fe138df1f49857196ebc20c1d30c12bddb082e6bc8abb224d?s=96&d=mm&r=g\",\"contentUrl\":\"https:\\\/\\\/secure.gravatar.com\\\/avatar\\\/89ec08a71657132fe138df1f49857196ebc20c1d30c12bddb082e6bc8abb224d?s=96&d=mm&r=g\",\"caption\":\"admin\"},\"logo\":{\"@id\":\"https:\\\/\\\/secure.gravatar.com\\\/avatar\\\/89ec08a71657132fe138df1f49857196ebc20c1d30c12bddb082e6bc8abb224d?s=96&d=mm&r=g\"},\"sameAs\":[\"https:\\\/\\\/aleksanderbekasov24.thkit.ee\\\/wp\"]}]}<\/script>\n<!-- \/ Yoast SEO plugin. -->","yoast_head_json":{"title":"\ud83e\udde9 Plugin: JetBoost - Alex's Arsenal (Shop)","robots":{"index":"index","follow":"follow","max-snippet":"max-snippet:-1","max-image-preview":"max-image-preview:large","max-video-preview":"max-video-preview:-1"},"canonical":"https:\/\/aleksanderbekasov24.thkit.ee\/wp\/\ud83e\udde9-plugin-jetboost\/","og_locale":"en_US","og_type":"article","og_title":"\ud83e\udde9 Plugin: JetBoost - Alex's Arsenal (Shop)","og_description":"\ud83e\udde9 Plugin: Jetpack \u2013 WP Security \ud83d\udd0d Mida Jetpack plugin teeb? Jetpack \u2013 WP Security on ametlik WordPressi plugin, mis pakub mitmeid t\u00f6\u00f6riistu veebilehe turvamiseks, j\u00f5udluse parandamiseks ja k\u00fclastajate statistika j\u00e4lgimiseks. Jetpack v\u00f5imaldab: See plugin sobib h\u00e4sti nii algajatele kui ka edasij\u00f5udnutele, kes soovivad hoida oma veebilehte turvalisena ja optimeerituna. \u2699\ufe0f Kuidas ma plugina paigaldasin? \ud83d\udcdd Kokkuv\u00f5te Jetpack \u2013 WP Security on \u00fcks kasulikumaid ja mitmek\u00fclgsemaid pluginaid WordPressis, mis aitab veebilehte kaitsta ja samal ajal parendada selle j\u00f5udlust ja j\u00e4lgida statistikat. See on h\u00f5lpsasti paigaldatav ning pakub tugevat kaitset ka tasuta versioonis.","og_url":"https:\/\/aleksanderbekasov24.thkit.ee\/wp\/\ud83e\udde9-plugin-jetboost\/","og_site_name":"Alex's Arsenal (Shop)","article_modified_time":"2025-05-29T09:18:22+00:00","og_image":[{"width":160,"height":472,"url":"https:\/\/aleksanderbekasov24.thkit.ee\/wp\/wp-content\/uploads\/2025\/05\/1.png","type":"image\/png"}],"twitter_card":"summary_large_image","twitter_misc":{"Est. reading time":"1 minute"},"schema":{"@context":"https:\/\/schema.org","@graph":[{"@type":"WebPage","@id":"https:\/\/aleksanderbekasov24.thkit.ee\/wp\/%f0%9f%a7%a9-plugin-jetboost\/","url":"https:\/\/aleksanderbekasov24.thkit.ee\/wp\/%f0%9f%a7%a9-plugin-jetboost\/","name":"\ud83e\udde9 Plugin: JetBoost - Alex's Arsenal (Shop)","isPartOf":{"@id":"https:\/\/aleksanderbekasov24.thkit.ee\/wp\/#website"},"primaryImageOfPage":{"@id":"https:\/\/aleksanderbekasov24.thkit.ee\/wp\/%f0%9f%a7%a9-plugin-jetboost\/#primaryimage"},"image":{"@id":"https:\/\/aleksanderbekasov24.thkit.ee\/wp\/%f0%9f%a7%a9-plugin-jetboost\/#primaryimage"},"thumbnailUrl":"https:\/\/aleksanderbekasov24.thkit.ee\/wp\/wp-content\/uploads\/2025\/05\/1.png","datePublished":"2025-05-29T09:12:10+00:00","dateModified":"2025-05-29T09:18:22+00:00","breadcrumb":{"@id":"https:\/\/aleksanderbekasov24.thkit.ee\/wp\/%f0%9f%a7%a9-plugin-jetboost\/#breadcrumb"},"inLanguage":"en-US","potentialAction":[{"@type":"ReadAction","target":["https:\/\/aleksanderbekasov24.thkit.ee\/wp\/%f0%9f%a7%a9-plugin-jetboost\/"]}]},{"@type":"ImageObject","inLanguage":"en-US","@id":"https:\/\/aleksanderbekasov24.thkit.ee\/wp\/%f0%9f%a7%a9-plugin-jetboost\/#primaryimage","url":"https:\/\/aleksanderbekasov24.thkit.ee\/wp\/wp-content\/uploads\/2025\/05\/1.png","contentUrl":"https:\/\/aleksanderbekasov24.thkit.ee\/wp\/wp-content\/uploads\/2025\/05\/1.png","width":160,"height":472},{"@type":"BreadcrumbList","@id":"https:\/\/aleksanderbekasov24.thkit.ee\/wp\/%f0%9f%a7%a9-plugin-jetboost\/#breadcrumb","itemListElement":[{"@type":"ListItem","position":1,"name":"Home","item":"https:\/\/aleksanderbekasov24.thkit.ee\/wp\/"},{"@type":"ListItem","position":2,"name":"\ud83e\udde9 Plugin: JetBoost"}]},{"@type":"WebSite","@id":"https:\/\/aleksanderbekasov24.thkit.ee\/wp\/#website","url":"https:\/\/aleksanderbekasov24.thkit.ee\/wp\/","name":"Alex's Arsenal (Shop) \u00a9 2025 All rights reserved.","description":"","publisher":{"@id":"https:\/\/aleksanderbekasov24.thkit.ee\/wp\/#\/schema\/person\/3b5a2663a9eba24938a504553bfddac8"},"potentialAction":[{"@type":"SearchAction","target":{"@type":"EntryPoint","urlTemplate":"https:\/\/aleksanderbekasov24.thkit.ee\/wp\/?s={search_term_string}"},"query-input":{"@type":"PropertyValueSpecification","valueRequired":true,"valueName":"search_term_string"}}],"inLanguage":"en-US"},{"@type":["Person","Organization"],"@id":"https:\/\/aleksanderbekasov24.thkit.ee\/wp\/#\/schema\/person\/3b5a2663a9eba24938a504553bfddac8","name":"admin","image":{"@type":"ImageObject","inLanguage":"en-US","@id":"https:\/\/secure.gravatar.com\/avatar\/89ec08a71657132fe138df1f49857196ebc20c1d30c12bddb082e6bc8abb224d?s=96&d=mm&r=g","url":"https:\/\/secure.gravatar.com\/avatar\/89ec08a71657132fe138df1f49857196ebc20c1d30c12bddb082e6bc8abb224d?s=96&d=mm&r=g","contentUrl":"https:\/\/secure.gravatar.com\/avatar\/89ec08a71657132fe138df1f49857196ebc20c1d30c12bddb082e6bc8abb224d?s=96&d=mm&r=g","caption":"admin"},"logo":{"@id":"https:\/\/secure.gravatar.com\/avatar\/89ec08a71657132fe138df1f49857196ebc20c1d30c12bddb082e6bc8abb224d?s=96&d=mm&r=g"},"sameAs":["https:\/\/aleksanderbekasov24.thkit.ee\/wp"]}]}},"jetpack_sharing_enabled":true,"_links":{"self":[{"href":"https:\/\/aleksanderbekasov24.thkit.ee\/wp\/wp-json\/wp\/v2\/pages\/933","targetHints":{"allow":["GET"]}}],"collection":[{"href":"https:\/\/aleksanderbekasov24.thkit.ee\/wp\/wp-json\/wp\/v2\/pages"}],"about":[{"href":"https:\/\/aleksanderbekasov24.thkit.ee\/wp\/wp-json\/wp\/v2\/types\/page"}],"author":[{"embeddable":true,"href":"https:\/\/aleksanderbekasov24.thkit.ee\/wp\/wp-json\/wp\/v2\/users\/1"}],"replies":[{"embeddable":true,"href":"https:\/\/aleksanderbekasov24.thkit.ee\/wp\/wp-json\/wp\/v2\/comments?post=933"}],"version-history":[{"count":5,"href":"https:\/\/aleksanderbekasov24.thkit.ee\/wp\/wp-json\/wp\/v2\/pages\/933\/revisions"}],"predecessor-version":[{"id":941,"href":"https:\/\/aleksanderbekasov24.thkit.ee\/wp\/wp-json\/wp\/v2\/pages\/933\/revisions\/941"}],"wp:attachment":[{"href":"https:\/\/aleksanderbekasov24.thkit.ee\/wp\/wp-json\/wp\/v2\/media?parent=933"}],"curies":[{"name":"wp","href":"https:\/\/api.w.org\/{rel}","templated":true}]}}