{"id":88,"date":"2024-10-09T14:08:01","date_gmt":"2024-10-09T11:08:01","guid":{"rendered":"https:\/\/alekbekasov.wordpress.com\/?page_id=88"},"modified":"2024-10-09T14:08:01","modified_gmt":"2024-10-09T11:08:01","slug":"project","status":"publish","type":"page","link":"https:\/\/aleksanderbekasov24.thkit.ee\/wp\/ru\/project\/","title":{"rendered":"Project"},"content":{"rendered":"<p style=\"border-width:5px\"><br> <strong>Gantti diagramm<\/strong>\u00a0(inglise keeles\u00a0<em><a href=\"https:\/\/en.wikipedia.org\/wiki\/Gantt_chart\">Gantt chart<\/a><\/em>) on horisontaalne tulpdiagramm,    mille l\u00f5i 1917. aastal USA insener ja sotsiaalteadlane Henry L. Gantt tootmise kontrollvahendiks. Gantti diagramm on t\u00f6\u00f6riist, mis koosneb tegevusnimestikust ja tegevusi visualiseerivast graafikust ning v\u00f5imaldab kasutajal modelleerida projekti teostamiseks vajalikke \u00fclesandeid (kavandamine, koordineerimine ja j\u00e4lgimine).<br><br><br><\/p>\n\n\n\n<p><strong>Diagrammi n\u00e4ide:<\/strong><\/p>\n\n\n\n<figure class=\"wp-block-image size-large\"><img fetchpriority=\"high\" decoding=\"async\" width=\"1139\" height=\"617\" src=\"https:\/\/aleksanderbekasov24.thkit.ee\/wp\/wp-content\/uploads\/2024\/10\/chart-blin.png?w=1024\" alt=\"\" class=\"wp-image-91\" srcset=\"https:\/\/aleksanderbekasov24.thkit.ee\/wp\/wp-content\/uploads\/2024\/10\/chart-blin.png 1139w, https:\/\/aleksanderbekasov24.thkit.ee\/wp\/wp-content\/uploads\/2024\/10\/chart-blin-300x163.png 300w, https:\/\/aleksanderbekasov24.thkit.ee\/wp\/wp-content\/uploads\/2024\/10\/chart-blin-1024x555.png 1024w, https:\/\/aleksanderbekasov24.thkit.ee\/wp\/wp-content\/uploads\/2024\/10\/chart-blin-768x416.png 768w\" sizes=\"(max-width: 1139px) 100vw, 1139px\" \/><\/figure>\n\n\n\n<p><strong>\u00dclesanded ja alam\u00fclesanded<\/strong>:<\/p>\n\n\n\n<figure class=\"wp-block-image size-large\"><img decoding=\"async\" width=\"858\" height=\"394\" src=\"https:\/\/aleksanderbekasov24.thkit.ee\/wp\/wp-content\/uploads\/2024\/10\/ura.png?w=858\" alt=\"\" class=\"wp-image-94\" srcset=\"https:\/\/aleksanderbekasov24.thkit.ee\/wp\/wp-content\/uploads\/2024\/10\/ura.png 858w, https:\/\/aleksanderbekasov24.thkit.ee\/wp\/wp-content\/uploads\/2024\/10\/ura-300x138.png 300w, https:\/\/aleksanderbekasov24.thkit.ee\/wp\/wp-content\/uploads\/2024\/10\/ura-768x353.png 768w\" sizes=\"(max-width: 858px) 100vw, 858px\" \/><\/figure>\n\n\n\n<p><strong>Kuidas lisada ressurssid?<br><\/strong>1.Valige Ressursi leht<\/p>\n\n\n\n<p>2.Ressursi nime vahelehel kirjutage ressursi nimi.<\/p>\n\n\n\n<p>Seej\u00e4rel valige, millise t\u00fc\u00fcpi ressurss see on (T\u00f6\u00f6, Materjal v\u00f5i Kulu).<\/p>\n\n\n\n<p>3.L\u00f5petage, muutes t\u00e4iendavaid vahekarte, nagu: Kulu, Tavaline m\u00e4\u00e4r jne.<\/p>\n\n\n\n<p><strong>Ressursid ja nende t\u00e4hendus:<\/strong><\/p>\n\n\n\n<p>T\u00f6\u00f6 &#8211; Tavaliselt on see t\u00f6\u00f6j\u00f5ud (t\u00f6\u00f6tajad)<\/p>\n\n\n\n<p>Materjal &#8211; Asjad nagu esemed, toit jne.<\/p>\n\n\n\n<p>Kulu &#8211; Nagu nimigi \u00fctleb, kui palju maksab t\u00f6\u00f6 l\u00f5petamine. See v\u00f5ib olla tuba, auto jne.<\/p>\n\n\n\n<p><strong>Kuidas lisada projekti \u00fclesannete maksumus ja projekti tehtud tegevus?<\/strong><\/p>\n\n\n\n<p>Gantt&#8217;i diagrammis valige vahekaardid, nagu ressursi nimi, kulu, t\u00f6\u00f6 valmimine, et muuta projekti maksumus ja projekti tehtud tegevus!<\/p>","protected":false},"excerpt":{"rendered":"<p>Gantti diagramm\u00a0(inglise keeles\u00a0Gantt chart) on horisontaalne tulpdiagramm, mille l\u00f5i 1917. aastal USA insener ja sotsiaalteadlane Henry L. Gantt tootmise kontrollvahendiks. Gantti diagramm on t\u00f6\u00f6riist, mis koosneb tegevusnimestikust ja tegevusi visualiseerivast graafikust ning v\u00f5imaldab kasutajal modelleerida projekti teostamiseks vajalikke \u00fclesandeid (kavandamine, koordineerimine ja j\u00e4lgimine). Diagrammi n\u00e4ide: \u00dclesanded ja alam\u00fclesanded: Kuidas lisada ressurssid?1.Valige Ressursi leht 2.Ressursi nime vahelehel kirjutage ressursi nimi. Seej\u00e4rel valige, millise t\u00fc\u00fcpi ressurss see on (T\u00f6\u00f6, Materjal v\u00f5i Kulu). 3.L\u00f5petage, muutes t\u00e4iendavaid vahekarte, nagu: Kulu, Tavaline m\u00e4\u00e4r jne. Ressursid ja nende t\u00e4hendus: T\u00f6\u00f6 &#8211; Tavaliselt on see t\u00f6\u00f6j\u00f5ud (t\u00f6\u00f6tajad) Materjal &#8211; Asjad nagu esemed, toit jne. Kulu &#8211; Nagu nimigi \u00fctleb, kui palju maksab t\u00f6\u00f6 l\u00f5petamine. See v\u00f5ib olla tuba, auto jne. Kuidas lisada projekti \u00fclesannete maksumus ja projekti tehtud tegevus? Gantt&#8217;i diagrammis valige vahekaardid, nagu ressursi nimi, kulu, t\u00f6\u00f6 valmimine, et muuta projekti maksumus ja projekti tehtud tegevus!<\/p>","protected":false},"author":1,"featured_media":0,"parent":0,"menu_order":0,"comment_status":"closed","ping_status":"closed","template":"","meta":{"footnotes":""},"class_list":["post-88","page","type-page","status-publish","hentry"],"yoast_head":"<!-- This site is optimized with the Yoast SEO plugin v27.3 - https:\/\/yoast.com\/product\/yoast-seo-wordpress\/ -->\n<title>Project - Alex&#039;s Arsenal (Shop)<\/title>\n<meta name=\"robots\" content=\"index, follow, max-snippet:-1, max-image-preview:large, max-video-preview:-1\" \/>\n<link rel=\"canonical\" href=\"https:\/\/aleksanderbekasov24.thkit.ee\/wp\/ru\/project\/\" \/>\n<meta property=\"og:locale\" content=\"ru_RU\" \/>\n<meta property=\"og:type\" content=\"article\" \/>\n<meta property=\"og:title\" content=\"Project - Alex&#039;s Arsenal (Shop)\" \/>\n<meta property=\"og:description\" content=\"Gantti diagramm\u00a0(inglise keeles\u00a0Gantt chart) on horisontaalne tulpdiagramm, mille l\u00f5i 1917. aastal USA insener ja sotsiaalteadlane Henry L. Gantt tootmise kontrollvahendiks. Gantti diagramm on t\u00f6\u00f6riist, mis koosneb tegevusnimestikust ja tegevusi visualiseerivast graafikust ning v\u00f5imaldab kasutajal modelleerida projekti teostamiseks vajalikke \u00fclesandeid (kavandamine, koordineerimine ja j\u00e4lgimine). Diagrammi n\u00e4ide: \u00dclesanded ja alam\u00fclesanded: Kuidas lisada ressurssid?1.Valige Ressursi leht 2.Ressursi nime vahelehel kirjutage ressursi nimi. Seej\u00e4rel valige, millise t\u00fc\u00fcpi ressurss see on (T\u00f6\u00f6, Materjal v\u00f5i Kulu). 3.L\u00f5petage, muutes t\u00e4iendavaid vahekarte, nagu: Kulu, Tavaline m\u00e4\u00e4r jne. Ressursid ja nende t\u00e4hendus: T\u00f6\u00f6 &#8211; Tavaliselt on see t\u00f6\u00f6j\u00f5ud (t\u00f6\u00f6tajad) Materjal &#8211; Asjad nagu esemed, toit jne. Kulu &#8211; Nagu nimigi \u00fctleb, kui palju maksab t\u00f6\u00f6 l\u00f5petamine. See v\u00f5ib olla tuba, auto jne. Kuidas lisada projekti \u00fclesannete maksumus ja projekti tehtud tegevus? Gantt&#8217;i diagrammis valige vahekaardid, nagu ressursi nimi, kulu, t\u00f6\u00f6 valmimine, et muuta projekti maksumus ja projekti tehtud tegevus!\" \/>\n<meta property=\"og:url\" content=\"https:\/\/aleksanderbekasov24.thkit.ee\/wp\/ru\/project\/\" \/>\n<meta property=\"og:site_name\" content=\"Alex&#039;s Arsenal (Shop)\" \/>\n<meta property=\"og:image\" content=\"https:\/\/aleksanderbekasov24.thkit.ee\/wp\/wp-content\/uploads\/2024\/10\/chart-blin.png\" \/>\n\t<meta property=\"og:image:width\" content=\"1139\" \/>\n\t<meta property=\"og:image:height\" content=\"617\" \/>\n\t<meta property=\"og:image:type\" content=\"image\/png\" \/>\n<meta name=\"twitter:card\" content=\"summary_large_image\" \/>\n<meta name=\"twitter:label1\" content=\"\u041f\u0440\u0438\u043c\u0435\u0440\u043d\u043e\u0435 \u0432\u0440\u0435\u043c\u044f \u0434\u043b\u044f \u0447\u0442\u0435\u043d\u0438\u044f\" \/>\n\t<meta name=\"twitter:data1\" content=\"1 \u043c\u0438\u043d\u0443\u0442\u0430\" \/>\n<script type=\"application\/ld+json\" class=\"yoast-schema-graph\">{\"@context\":\"https:\\\/\\\/schema.org\",\"@graph\":[{\"@type\":\"WebPage\",\"@id\":\"https:\\\/\\\/aleksanderbekasov24.thkit.ee\\\/wp\\\/project\\\/\",\"url\":\"https:\\\/\\\/aleksanderbekasov24.thkit.ee\\\/wp\\\/project\\\/\",\"name\":\"Project - Alex's Arsenal (Shop)\",\"isPartOf\":{\"@id\":\"https:\\\/\\\/aleksanderbekasov24.thkit.ee\\\/wp\\\/#website\"},\"primaryImageOfPage\":{\"@id\":\"https:\\\/\\\/aleksanderbekasov24.thkit.ee\\\/wp\\\/project\\\/#primaryimage\"},\"image\":{\"@id\":\"https:\\\/\\\/aleksanderbekasov24.thkit.ee\\\/wp\\\/project\\\/#primaryimage\"},\"thumbnailUrl\":\"https:\\\/\\\/aleksanderbekasov24.thkit.ee\\\/wp\\\/wp-content\\\/uploads\\\/2024\\\/10\\\/chart-blin.png?w=1024\",\"datePublished\":\"2024-10-09T11:08:01+00:00\",\"breadcrumb\":{\"@id\":\"https:\\\/\\\/aleksanderbekasov24.thkit.ee\\\/wp\\\/project\\\/#breadcrumb\"},\"inLanguage\":\"ru-RU\",\"potentialAction\":[{\"@type\":\"ReadAction\",\"target\":[\"https:\\\/\\\/aleksanderbekasov24.thkit.ee\\\/wp\\\/project\\\/\"]}]},{\"@type\":\"ImageObject\",\"inLanguage\":\"ru-RU\",\"@id\":\"https:\\\/\\\/aleksanderbekasov24.thkit.ee\\\/wp\\\/project\\\/#primaryimage\",\"url\":\"https:\\\/\\\/aleksanderbekasov24.thkit.ee\\\/wp\\\/wp-content\\\/uploads\\\/2024\\\/10\\\/chart-blin.png?w=1024\",\"contentUrl\":\"https:\\\/\\\/aleksanderbekasov24.thkit.ee\\\/wp\\\/wp-content\\\/uploads\\\/2024\\\/10\\\/chart-blin.png?w=1024\"},{\"@type\":\"BreadcrumbList\",\"@id\":\"https:\\\/\\\/aleksanderbekasov24.thkit.ee\\\/wp\\\/project\\\/#breadcrumb\",\"itemListElement\":[{\"@type\":\"ListItem\",\"position\":1,\"name\":\"Home\",\"item\":\"https:\\\/\\\/aleksanderbekasov24.thkit.ee\\\/wp\\\/\"},{\"@type\":\"ListItem\",\"position\":2,\"name\":\"Project\"}]},{\"@type\":\"WebSite\",\"@id\":\"https:\\\/\\\/aleksanderbekasov24.thkit.ee\\\/wp\\\/#website\",\"url\":\"https:\\\/\\\/aleksanderbekasov24.thkit.ee\\\/wp\\\/\",\"name\":\"Alex's Arsenal (Shop) \u00a9 2025 All rights reserved.\",\"description\":\"\",\"publisher\":{\"@id\":\"https:\\\/\\\/aleksanderbekasov24.thkit.ee\\\/wp\\\/#\\\/schema\\\/person\\\/3b5a2663a9eba24938a504553bfddac8\"},\"potentialAction\":[{\"@type\":\"SearchAction\",\"target\":{\"@type\":\"EntryPoint\",\"urlTemplate\":\"https:\\\/\\\/aleksanderbekasov24.thkit.ee\\\/wp\\\/?s={search_term_string}\"},\"query-input\":{\"@type\":\"PropertyValueSpecification\",\"valueRequired\":true,\"valueName\":\"search_term_string\"}}],\"inLanguage\":\"ru-RU\"},{\"@type\":[\"Person\",\"Organization\"],\"@id\":\"https:\\\/\\\/aleksanderbekasov24.thkit.ee\\\/wp\\\/#\\\/schema\\\/person\\\/3b5a2663a9eba24938a504553bfddac8\",\"name\":\"admin\",\"image\":{\"@type\":\"ImageObject\",\"inLanguage\":\"ru-RU\",\"@id\":\"https:\\\/\\\/secure.gravatar.com\\\/avatar\\\/89ec08a71657132fe138df1f49857196ebc20c1d30c12bddb082e6bc8abb224d?s=96&d=mm&r=g\",\"url\":\"https:\\\/\\\/secure.gravatar.com\\\/avatar\\\/89ec08a71657132fe138df1f49857196ebc20c1d30c12bddb082e6bc8abb224d?s=96&d=mm&r=g\",\"contentUrl\":\"https:\\\/\\\/secure.gravatar.com\\\/avatar\\\/89ec08a71657132fe138df1f49857196ebc20c1d30c12bddb082e6bc8abb224d?s=96&d=mm&r=g\",\"caption\":\"admin\"},\"logo\":{\"@id\":\"https:\\\/\\\/secure.gravatar.com\\\/avatar\\\/89ec08a71657132fe138df1f49857196ebc20c1d30c12bddb082e6bc8abb224d?s=96&d=mm&r=g\"},\"sameAs\":[\"https:\\\/\\\/aleksanderbekasov24.thkit.ee\\\/wp\"]}]}<\/script>\n<!-- \/ Yoast SEO plugin. -->","yoast_head_json":{"title":"Project - Alex's Arsenal (Shop)","robots":{"index":"index","follow":"follow","max-snippet":"max-snippet:-1","max-image-preview":"max-image-preview:large","max-video-preview":"max-video-preview:-1"},"canonical":"https:\/\/aleksanderbekasov24.thkit.ee\/wp\/ru\/project\/","og_locale":"ru_RU","og_type":"article","og_title":"Project - Alex's Arsenal (Shop)","og_description":"Gantti diagramm\u00a0(inglise keeles\u00a0Gantt chart) on horisontaalne tulpdiagramm, mille l\u00f5i 1917. aastal USA insener ja sotsiaalteadlane Henry L. Gantt tootmise kontrollvahendiks. Gantti diagramm on t\u00f6\u00f6riist, mis koosneb tegevusnimestikust ja tegevusi visualiseerivast graafikust ning v\u00f5imaldab kasutajal modelleerida projekti teostamiseks vajalikke \u00fclesandeid (kavandamine, koordineerimine ja j\u00e4lgimine). Diagrammi n\u00e4ide: \u00dclesanded ja alam\u00fclesanded: Kuidas lisada ressurssid?1.Valige Ressursi leht 2.Ressursi nime vahelehel kirjutage ressursi nimi. Seej\u00e4rel valige, millise t\u00fc\u00fcpi ressurss see on (T\u00f6\u00f6, Materjal v\u00f5i Kulu). 3.L\u00f5petage, muutes t\u00e4iendavaid vahekarte, nagu: Kulu, Tavaline m\u00e4\u00e4r jne. Ressursid ja nende t\u00e4hendus: T\u00f6\u00f6 &#8211; Tavaliselt on see t\u00f6\u00f6j\u00f5ud (t\u00f6\u00f6tajad) Materjal &#8211; Asjad nagu esemed, toit jne. Kulu &#8211; Nagu nimigi \u00fctleb, kui palju maksab t\u00f6\u00f6 l\u00f5petamine. See v\u00f5ib olla tuba, auto jne. Kuidas lisada projekti \u00fclesannete maksumus ja projekti tehtud tegevus? Gantt&#8217;i diagrammis valige vahekaardid, nagu ressursi nimi, kulu, t\u00f6\u00f6 valmimine, et muuta projekti maksumus ja projekti tehtud tegevus!","og_url":"https:\/\/aleksanderbekasov24.thkit.ee\/wp\/ru\/project\/","og_site_name":"Alex's Arsenal (Shop)","og_image":[{"width":1139,"height":617,"url":"https:\/\/aleksanderbekasov24.thkit.ee\/wp\/wp-content\/uploads\/2024\/10\/chart-blin.png","type":"image\/png"}],"twitter_card":"summary_large_image","twitter_misc":{"\u041f\u0440\u0438\u043c\u0435\u0440\u043d\u043e\u0435 \u0432\u0440\u0435\u043c\u044f \u0434\u043b\u044f \u0447\u0442\u0435\u043d\u0438\u044f":"1 \u043c\u0438\u043d\u0443\u0442\u0430"},"schema":{"@context":"https:\/\/schema.org","@graph":[{"@type":"WebPage","@id":"https:\/\/aleksanderbekasov24.thkit.ee\/wp\/project\/","url":"https:\/\/aleksanderbekasov24.thkit.ee\/wp\/project\/","name":"Project - Alex's Arsenal (Shop)","isPartOf":{"@id":"https:\/\/aleksanderbekasov24.thkit.ee\/wp\/#website"},"primaryImageOfPage":{"@id":"https:\/\/aleksanderbekasov24.thkit.ee\/wp\/project\/#primaryimage"},"image":{"@id":"https:\/\/aleksanderbekasov24.thkit.ee\/wp\/project\/#primaryimage"},"thumbnailUrl":"https:\/\/aleksanderbekasov24.thkit.ee\/wp\/wp-content\/uploads\/2024\/10\/chart-blin.png?w=1024","datePublished":"2024-10-09T11:08:01+00:00","breadcrumb":{"@id":"https:\/\/aleksanderbekasov24.thkit.ee\/wp\/project\/#breadcrumb"},"inLanguage":"ru-RU","potentialAction":[{"@type":"ReadAction","target":["https:\/\/aleksanderbekasov24.thkit.ee\/wp\/project\/"]}]},{"@type":"ImageObject","inLanguage":"ru-RU","@id":"https:\/\/aleksanderbekasov24.thkit.ee\/wp\/project\/#primaryimage","url":"https:\/\/aleksanderbekasov24.thkit.ee\/wp\/wp-content\/uploads\/2024\/10\/chart-blin.png?w=1024","contentUrl":"https:\/\/aleksanderbekasov24.thkit.ee\/wp\/wp-content\/uploads\/2024\/10\/chart-blin.png?w=1024"},{"@type":"BreadcrumbList","@id":"https:\/\/aleksanderbekasov24.thkit.ee\/wp\/project\/#breadcrumb","itemListElement":[{"@type":"ListItem","position":1,"name":"Home","item":"https:\/\/aleksanderbekasov24.thkit.ee\/wp\/"},{"@type":"ListItem","position":2,"name":"Project"}]},{"@type":"WebSite","@id":"https:\/\/aleksanderbekasov24.thkit.ee\/wp\/#website","url":"https:\/\/aleksanderbekasov24.thkit.ee\/wp\/","name":"Alex's Arsenal (Shop) \u00a9 2025 All rights reserved.","description":"","publisher":{"@id":"https:\/\/aleksanderbekasov24.thkit.ee\/wp\/#\/schema\/person\/3b5a2663a9eba24938a504553bfddac8"},"potentialAction":[{"@type":"SearchAction","target":{"@type":"EntryPoint","urlTemplate":"https:\/\/aleksanderbekasov24.thkit.ee\/wp\/?s={search_term_string}"},"query-input":{"@type":"PropertyValueSpecification","valueRequired":true,"valueName":"search_term_string"}}],"inLanguage":"ru-RU"},{"@type":["Person","Organization"],"@id":"https:\/\/aleksanderbekasov24.thkit.ee\/wp\/#\/schema\/person\/3b5a2663a9eba24938a504553bfddac8","name":"admin","image":{"@type":"ImageObject","inLanguage":"ru-RU","@id":"https:\/\/secure.gravatar.com\/avatar\/89ec08a71657132fe138df1f49857196ebc20c1d30c12bddb082e6bc8abb224d?s=96&d=mm&r=g","url":"https:\/\/secure.gravatar.com\/avatar\/89ec08a71657132fe138df1f49857196ebc20c1d30c12bddb082e6bc8abb224d?s=96&d=mm&r=g","contentUrl":"https:\/\/secure.gravatar.com\/avatar\/89ec08a71657132fe138df1f49857196ebc20c1d30c12bddb082e6bc8abb224d?s=96&d=mm&r=g","caption":"admin"},"logo":{"@id":"https:\/\/secure.gravatar.com\/avatar\/89ec08a71657132fe138df1f49857196ebc20c1d30c12bddb082e6bc8abb224d?s=96&d=mm&r=g"},"sameAs":["https:\/\/aleksanderbekasov24.thkit.ee\/wp"]}]}},"jetpack_sharing_enabled":true,"_links":{"self":[{"href":"https:\/\/aleksanderbekasov24.thkit.ee\/wp\/ru\/wp-json\/wp\/v2\/pages\/88","targetHints":{"allow":["GET"]}}],"collection":[{"href":"https:\/\/aleksanderbekasov24.thkit.ee\/wp\/ru\/wp-json\/wp\/v2\/pages"}],"about":[{"href":"https:\/\/aleksanderbekasov24.thkit.ee\/wp\/ru\/wp-json\/wp\/v2\/types\/page"}],"author":[{"embeddable":true,"href":"https:\/\/aleksanderbekasov24.thkit.ee\/wp\/ru\/wp-json\/wp\/v2\/users\/1"}],"replies":[{"embeddable":true,"href":"https:\/\/aleksanderbekasov24.thkit.ee\/wp\/ru\/wp-json\/wp\/v2\/comments?post=88"}],"version-history":[{"count":0,"href":"https:\/\/aleksanderbekasov24.thkit.ee\/wp\/ru\/wp-json\/wp\/v2\/pages\/88\/revisions"}],"wp:attachment":[{"href":"https:\/\/aleksanderbekasov24.thkit.ee\/wp\/ru\/wp-json\/wp\/v2\/media?parent=88"}],"curies":[{"name":"wp","href":"https:\/\/api.w.org\/{rel}","templated":true}]}}